{"id":3118,"date":"2024-10-24T19:53:10","date_gmt":"2024-10-24T17:53:10","guid":{"rendered":"https:\/\/sportfriendlyproject.com\/?post_type=product&#038;p=3118"},"modified":"2024-10-24T20:35:51","modified_gmt":"2024-10-24T18:35:51","slug":"album-international","status":"publish","type":"product","link":"https:\/\/sportfriendlyproject.com\/fr\/producto\/album-internacional\/","title":{"rendered":"Album International"},"content":{"rendered":"<p><b>Sport Friendly : le terrain de la diversit\u00e9 !<\/b><\/p>\n<p><span style=\"font-weight: 400;\">\u00c9dition Internationale (2024)<\/span><\/p>\n<p><span style=\"font-weight: 400;\">Suite au succ\u00e8s de l'\u00e9dition 100 % argentine de \u00ab Sport Friendly : le terrain de la diversit\u00e9! \u00bb (2022), l'artiste fran\u00e7ais \u00c9milien Buffard a \u00e9largi son projet au-del\u00e0 des fronti\u00e8res. Ce nouvel album, inspir\u00e9 par le c\u00e9l\u00e8bre album \u00ab Panini \u00bb, rassemble des photos et des t\u00e9moignages de 22 \u00e9quipes de 16 pays, ainsi que des interviews exclusives de 4 athl\u00e8tes olympiques et internationaux. Gr\u00e2ce \u00e0 la collaboration de 21 organisations du r\u00e9seau culturel fran\u00e7ais \u00e0 travers le monde, des \u00e9quipes inclusives ont \u00e9t\u00e9 photographi\u00e9es pour cr\u00e9er un v\u00e9ritable registre mondial du sport inclusif, c\u00e9l\u00e9brant la diversit\u00e9 sexuelle, sociale et physique.<\/span><\/p>\n<p><i><span style=\"font-weight: 400;\">*Faites-vous partie du r\u00e9seau culturel fran\u00e7ais ? R\u00e9cup\u00e9rez votre album gratuit au si\u00e8ge de l'Institut Fran\u00e7ais \u00e0 Paris, ou contactez directement l'artiste via la section \u00ab Contact \u00bb pour conna\u00eetre les modalit\u00e9s d'exp\u00e9dition!<\/span><\/i><\/p>","protected":false},"excerpt":{"rendered":"<p><span style=\"font-weight: 400;\">Photographies et texte d'\u00c9milien Buffard<br \/>\n<\/span>Pr\u00e9face de Jos\u00e9 Luis P\u00e9rez Pont<br \/>\nInterviews avec Alexia C\u00e9r\u00e9nys, J\u00e9r\u00e9my Clamy-Edroux, Katarzyna Zillmann et Nicol\u00e1s Crosta.<br \/>\n92 pages \u2013 Format 24\u00d732 cm<br \/>\n1 affiche \u2013 1 planche d'autocollants \u2013 Envelopp\u00e9<br \/>\n\u00c9dition trilingue (fran\u00e7ais, anglais et espagnol) limit\u00e9e \u00e0 1500 exemplaires, 2024<\/p>","protected":false},"featured_media":3119,"comment_status":"open","ping_status":"closed","template":"","meta":[],"product_brand":[],"product_cat":[62],"product_tag":[],"class_list":{"0":"post-3118","1":"product","2":"type-product","3":"status-publish","4":"has-post-thumbnail","6":"product_cat-sin-categorizar","8":"first","9":"instock","10":"shipping-taxable","11":"purchasable","12":"product-type-simple"},"_links":{"self":[{"href":"https:\/\/sportfriendlyproject.com\/fr\/wp-json\/wp\/v2\/product\/3118","targetHints":{"allow":["GET"]}}],"collection":[{"href":"https:\/\/sportfriendlyproject.com\/fr\/wp-json\/wp\/v2\/product"}],"about":[{"href":"https:\/\/sportfriendlyproject.com\/fr\/wp-json\/wp\/v2\/types\/product"}],"replies":[{"embeddable":true,"href":"https:\/\/sportfriendlyproject.com\/fr\/wp-json\/wp\/v2\/comments?post=3118"}],"wp:featuredmedia":[{"embeddable":true,"href":"https:\/\/sportfriendlyproject.com\/fr\/wp-json\/wp\/v2\/media\/3119"}],"wp:attachment":[{"href":"https:\/\/sportfriendlyproject.com\/fr\/wp-json\/wp\/v2\/media?parent=3118"}],"wp:term":[{"taxonomy":"product_brand","embeddable":true,"href":"https:\/\/sportfriendlyproject.com\/fr\/wp-json\/wp\/v2\/product_brand?post=3118"},{"taxonomy":"product_cat","embeddable":true,"href":"https:\/\/sportfriendlyproject.com\/fr\/wp-json\/wp\/v2\/product_cat?post=3118"},{"taxonomy":"product_tag","embeddable":true,"href":"https:\/\/sportfriendlyproject.com\/fr\/wp-json\/wp\/v2\/product_tag?post=3118"}],"curies":[{"name":"wp","href":"https:\/\/api.w.org\/{rel}","templated":true}]}}