{"id":3095,"date":"2024-10-24T03:36:29","date_gmt":"2024-10-24T01:36:29","guid":{"rendered":"https:\/\/sportfriendlyproject.com\/?post_type=product&#038;p=3095"},"modified":"2024-10-24T03:48:39","modified_gmt":"2024-10-24T01:48:39","slug":"album-argentine","status":"publish","type":"product","link":"https:\/\/sportfriendlyproject.com\/fr\/producto\/album-argentina\/","title":{"rendered":"Album Argentine"},"content":{"rendered":"<p><b>Sport Friendly : le terrain de la diversit\u00e9 !<\/b><\/p>\n<p><span style=\"font-weight: 400;\">L'album 100 % argentin (2022)<\/span><\/p>\n<p><span style=\"font-weight: 400;\">1 an de production qui inclut plus de 500 joueurs photographi\u00e9s, 18 associations sportives inclusives de toute l'Argentine et des interviews avec des athl\u00e8tes argentins visant \u00e0 rendre visible et promouvoir un monde sportif plus inclusif. En portraiturant et en donnant la parole \u00e0 des joueurs professionnels et amateurs, cet album brillant, color\u00e9 et festif reprend les codes de l'album traditionnel \u00ab Panini \u00bb pour devenir une tribune engag\u00e9e en faveur des droits et des libert\u00e9s de la communaut\u00e9 LGBTQI+ en Argentine.<\/span><\/p>","protected":false},"excerpt":{"rendered":"<p>Photographies, textes et \u00e9dition d'\u00c9milien Buffard<br \/>\nPr\u00e9face de Ra\u00fal D\u2019Amelio<br \/>\nInterviews avec Cecilia Carranza Saroli, Facundo Imhoff et Jessica Millaman.<br \/>\n96 pages \u2013 Format 33 x 24 cm<br \/>\n1 affiche \u2013 1 planche d'autocollants \u2013 Envelopp\u00e9<br \/>\n\u00c9dition en espagnol de 2000 exemplaires, 2022<\/p>","protected":false},"featured_media":3100,"comment_status":"open","ping_status":"closed","template":"","meta":[],"product_brand":[],"product_cat":[62],"product_tag":[],"class_list":{"0":"post-3095","1":"product","2":"type-product","3":"status-publish","4":"has-post-thumbnail","6":"product_cat-sin-categorizar","8":"first","9":"instock","10":"shipping-taxable","11":"purchasable","12":"product-type-simple"},"_links":{"self":[{"href":"https:\/\/sportfriendlyproject.com\/fr\/wp-json\/wp\/v2\/product\/3095","targetHints":{"allow":["GET"]}}],"collection":[{"href":"https:\/\/sportfriendlyproject.com\/fr\/wp-json\/wp\/v2\/product"}],"about":[{"href":"https:\/\/sportfriendlyproject.com\/fr\/wp-json\/wp\/v2\/types\/product"}],"replies":[{"embeddable":true,"href":"https:\/\/sportfriendlyproject.com\/fr\/wp-json\/wp\/v2\/comments?post=3095"}],"wp:featuredmedia":[{"embeddable":true,"href":"https:\/\/sportfriendlyproject.com\/fr\/wp-json\/wp\/v2\/media\/3100"}],"wp:attachment":[{"href":"https:\/\/sportfriendlyproject.com\/fr\/wp-json\/wp\/v2\/media?parent=3095"}],"wp:term":[{"taxonomy":"product_brand","embeddable":true,"href":"https:\/\/sportfriendlyproject.com\/fr\/wp-json\/wp\/v2\/product_brand?post=3095"},{"taxonomy":"product_cat","embeddable":true,"href":"https:\/\/sportfriendlyproject.com\/fr\/wp-json\/wp\/v2\/product_cat?post=3095"},{"taxonomy":"product_tag","embeddable":true,"href":"https:\/\/sportfriendlyproject.com\/fr\/wp-json\/wp\/v2\/product_tag?post=3095"}],"curies":[{"name":"wp","href":"https:\/\/api.w.org\/{rel}","templated":true}]}}