{"id":792,"date":"2024-05-28T06:09:46","date_gmt":"2024-05-28T04:09:46","guid":{"rendered":"https:\/\/sportfriendlyproject.com\/?page_id=792"},"modified":"2025-04-02T11:16:48","modified_gmt":"2025-04-02T09:16:48","slug":"the-project-en","status":"publish","type":"page","link":"https:\/\/sportfriendlyproject.com\/en\/el-proyecto\/","title":{"rendered":"The project"},"content":{"rendered":"<div data-elementor-type=\"wp-page\" data-elementor-id=\"792\" class=\"elementor elementor-792\" data-elementor-post-type=\"page\">\n\t\t\t\t<div class=\"elementor-element elementor-element-b40b071 e-flex e-con-boxed e-con e-parent\" data-id=\"b40b071\" data-element_type=\"container\" data-e-type=\"container\" data-settings=\"{&quot;background_background&quot;:&quot;classic&quot;,&quot;shape_divider_bottom&quot;:&quot;tilt&quot;,&quot;jet_parallax_layout_list&quot;:[]}\">\n\t\t\t\t\t<div class=\"e-con-inner\">\n\t\t\t\t<div class=\"elementor-shape elementor-shape-bottom\" aria-hidden=\"true\" data-negative=\"false\">\n\t\t\t<svg xmlns=\"http:\/\/www.w3.org\/2000\/svg\" viewbox=\"0 0 1000 100\" preserveaspectratio=\"none\">\n\t<path class=\"elementor-shape-fill\" d=\"M0,6V0h1000v100L0,6z\"\/>\n<\/svg>\t\t<\/div>\n\t\t\t\t<div class=\"elementor-element elementor-element-8db2844 elementor-widget elementor-widget-heading\" data-id=\"8db2844\" data-element_type=\"widget\" data-e-type=\"widget\" data-widget_type=\"heading.default\">\n\t\t\t\t<div class=\"elementor-widget-container\">\n\t\t\t\t\t<h1 class=\"elementor-heading-title elementor-size-default\">The project<\/h1>\t\t\t\t<\/div>\n\t\t\t\t<\/div>\n\t\t\t\t\t<\/div>\n\t\t\t\t<\/div>\n\t\t<div class=\"elementor-element elementor-element-9832899 e-flex e-con-boxed e-con e-parent\" data-id=\"9832899\" data-element_type=\"container\" data-e-type=\"container\" data-settings=\"{&quot;jet_parallax_layout_list&quot;:[]}\">\n\t\t\t\t\t<div class=\"e-con-inner\">\n\t\t\t\t<div class=\"elementor-element elementor-element-1546af9 elementor-widget elementor-widget-heading\" data-id=\"1546af9\" data-element_type=\"widget\" data-e-type=\"widget\" data-widget_type=\"heading.default\">\n\t\t\t\t<div class=\"elementor-widget-container\">\n\t\t\t\t\t<h2 class=\"elementor-heading-title elementor-size-default\">CULTURE AND SPORTS AT THE SERVICE OF SOCIAL TRANSFORMATION!\n<\/h2>\t\t\t\t<\/div>\n\t\t\t\t<\/div>\n\t\t\t\t<div class=\"elementor-element elementor-element-d1de93f elementor-widget elementor-widget-text-editor\" data-id=\"d1de93f\" data-element_type=\"widget\" data-e-type=\"widget\" data-widget_type=\"text-editor.default\">\n\t\t\t\t<div class=\"elementor-widget-container\">\n\t\t\t\t\t\t\t\t\t<p><b>\u201c<\/b><b>Sport Friendly: The Field of Diversity!<\/b><b>\u201d<\/b><span style=\"font-weight: 400;\"> is an international, collaborative artistic experience led by artist \u00c9milien Buffard, supported by the <\/span><b>Institut Fran\u00e7ais in Paris<\/b><span style=\"font-weight: 400;\"> and awarded the <\/span><b>\"Cultural Olympiad\"<\/b><span style=\"font-weight: 400;\"> label by the <\/span><b>Paris 2024 Olympic and Paralympic Committee<\/b><span style=\"font-weight: 400;\">. Through a unique photographic production, this project highlights teams committed to <\/span><b>inclusive sports<\/b><span style=\"font-weight: 400;\">, fighting discrimination, and redefining the values of sports beyond sexual orientation, gender, or physical and social conditions. Launched in Argentina in 2022, it has now expanded internationally, driven by sports diplomacy and a cultural network engaged in photographing local teams in the <\/span><b>Sport Friendly way<\/b><span style=\"font-weight: 400;\">. This photographic initiative is a genuine commitment to combat discrimination, embodied by an <\/span><b>album of diversity that reinvents the \"Panini\" format<\/b><span style=\"font-weight: 400;\">, <\/span><b>a global exhibition<\/b><span style=\"font-weight: 400;\"> and a <\/span><b>series of international events<\/b><span style=\"font-weight: 400;\">. Since 2022 <\/span><b>over 1,000 amateur and professional athletes from 16 countries<\/b><span style=\"font-weight: 400;\">, have been photographed for the Sport Friendly project, fully supported by institutions.\u00a0<\/span><\/p><p><b>Together, let\u2019s continue this global register on inclusive sports!<\/b><\/p><p><span style=\"font-weight: 400;\">Make the voices of the players in your city\/region resonate worldwide through photography, to engage in conversations, break down barriers, and create bridges between communities. Whether you are an organization in the cultural network abroad (Alliances Fran\u00e7aises, Instituts Fran\u00e7ais, Embassies, etc\u2026), a sport team, an NGO, or a citizen collective, <\/span><b>lead your Sport Friendly action around essential themes such as diversity, trans identity, feminism, disability, racism, bullying, community, and education<\/b><span style=\"font-weight: 400;\"> o name a few. Your photographs and testimonies will come to life not only within your local community, through exhibitions in public spaces or within your institution, but far beyond, as each action is documented, shared online, and showcased around the world.<\/span><\/p><p><span style=\"font-weight: 400;\">Let's unite for greater diversity in the world through art and sport!<\/span><\/p>\t\t\t\t\t\t\t\t<\/div>\n\t\t\t\t<\/div>\n\t\t\t\t\t<\/div>\n\t\t\t\t<\/div>\n\t\t<div class=\"elementor-element elementor-element-604cbfc e-flex e-con-boxed e-con e-parent\" data-id=\"604cbfc\" data-element_type=\"container\" data-e-type=\"container\" data-settings=\"{&quot;jet_parallax_layout_list&quot;:[]}\">\n\t\t\t\t\t<div class=\"e-con-inner\">\n\t\t<div class=\"elementor-element elementor-element-e9302b7 e-flex e-con-boxed e-con e-child\" data-id=\"e9302b7\" data-element_type=\"container\" data-e-type=\"container\" data-settings=\"{&quot;jet_parallax_layout_list&quot;:[]}\">\n\t\t\t\t\t<div class=\"e-con-inner\">\n\t\t\t\t<div class=\"elementor-element elementor-element-fbd3e7b elementor-widget__width-inherit elementor-widget-mobile__width-inherit elementor-widget elementor-widget-heading\" data-id=\"fbd3e7b\" data-element_type=\"widget\" data-e-type=\"widget\" data-widget_type=\"heading.default\">\n\t\t\t\t<div class=\"elementor-widget-container\">\n\t\t\t\t\t<h1 class=\"elementor-heading-title elementor-size-default\">A project supported by<\/h1>\t\t\t\t<\/div>\n\t\t\t\t<\/div>\n\t\t\t\t<div class=\"elementor-element elementor-element-1501482 elementor-widget__width-initial elementor-widget-mobile__width-initial elementor-widget elementor-widget-image\" data-id=\"1501482\" data-element_type=\"widget\" data-e-type=\"widget\" data-widget_type=\"image.default\">\n\t\t\t\t<div class=\"elementor-widget-container\">\n\t\t\t\t\t\t\t\t\t\t\t\t\t\t\t<img fetchpriority=\"high\" decoding=\"async\" width=\"800\" height=\"555\" src=\"https:\/\/sportfriendlyproject.com\/wp-content\/uploads\/2024\/05\/IF_Logo_Fond_Sans_Bleu_RVB.png\" class=\"attachment-large size-large wp-image-846\" alt=\"\" srcset=\"https:\/\/sportfriendlyproject.com\/wp-content\/uploads\/2024\/05\/IF_Logo_Fond_Sans_Bleu_RVB.png 852w, https:\/\/sportfriendlyproject.com\/wp-content\/uploads\/2024\/05\/IF_Logo_Fond_Sans_Bleu_RVB-600x416.png 600w, https:\/\/sportfriendlyproject.com\/wp-content\/uploads\/2024\/05\/IF_Logo_Fond_Sans_Bleu_RVB-300x208.png 300w, https:\/\/sportfriendlyproject.com\/wp-content\/uploads\/2024\/05\/IF_Logo_Fond_Sans_Bleu_RVB-768x533.png 768w\" sizes=\"(max-width: 800px) 100vw, 800px\" \/>\t\t\t\t\t\t\t\t\t\t\t\t\t\t\t<\/div>\n\t\t\t\t<\/div>\n\t\t\t\t<div class=\"elementor-element elementor-element-a6f9e0e elementor-widget__width-initial elementor-widget-mobile__width-initial elementor-widget elementor-widget-image\" data-id=\"a6f9e0e\" data-element_type=\"widget\" data-e-type=\"widget\" data-widget_type=\"image.default\">\n\t\t\t\t<div class=\"elementor-widget-container\">\n\t\t\t\t\t\t\t\t\t\t\t\t\t\t\t<img decoding=\"async\" width=\"800\" height=\"800\" src=\"https:\/\/sportfriendlyproject.com\/wp-content\/uploads\/2024\/05\/Label-bleu-Olympiade-Culturelle-1024x1024.png\" class=\"attachment-large size-large wp-image-845\" alt=\"\" srcset=\"https:\/\/sportfriendlyproject.com\/wp-content\/uploads\/2024\/05\/Label-bleu-Olympiade-Culturelle-1024x1024.png 1024w, https:\/\/sportfriendlyproject.com\/wp-content\/uploads\/2024\/05\/Label-bleu-Olympiade-Culturelle-300x300.png 300w, https:\/\/sportfriendlyproject.com\/wp-content\/uploads\/2024\/05\/Label-bleu-Olympiade-Culturelle-100x100.png 100w, https:\/\/sportfriendlyproject.com\/wp-content\/uploads\/2024\/05\/Label-bleu-Olympiade-Culturelle-600x600.png 600w, https:\/\/sportfriendlyproject.com\/wp-content\/uploads\/2024\/05\/Label-bleu-Olympiade-Culturelle-150x150.png 150w, https:\/\/sportfriendlyproject.com\/wp-content\/uploads\/2024\/05\/Label-bleu-Olympiade-Culturelle-768x768.png 768w, https:\/\/sportfriendlyproject.com\/wp-content\/uploads\/2024\/05\/Label-bleu-Olympiade-Culturelle.png 1130w\" sizes=\"(max-width: 800px) 100vw, 800px\" \/>\t\t\t\t\t\t\t\t\t\t\t\t\t\t\t<\/div>\n\t\t\t\t<\/div>\n\t\t\t\t\t<\/div>\n\t\t\t\t<\/div>\n\t\t\t\t\t<\/div>\n\t\t\t\t<\/div>\n\t\t<div class=\"elementor-element elementor-element-983c287 e-flex e-con-boxed e-con e-parent\" data-id=\"983c287\" data-element_type=\"container\" data-e-type=\"container\" data-settings=\"{&quot;background_background&quot;:&quot;classic&quot;,&quot;jet_parallax_layout_list&quot;:[]}\">\n\t\t\t\t\t<div class=\"e-con-inner\">\n\t\t<div class=\"elementor-element elementor-element-50ccf9c e-con-full e-flex e-con e-child\" data-id=\"50ccf9c\" data-element_type=\"container\" data-e-type=\"container\" data-settings=\"{&quot;jet_parallax_layout_list&quot;:[]}\">\n\t\t\t\t<div class=\"elementor-element elementor-element-6dadaf4 elementor-widget-mobile__width-inherit elementor-widget elementor-widget-heading\" data-id=\"6dadaf4\" data-element_type=\"widget\" data-e-type=\"widget\" data-widget_type=\"heading.default\">\n\t\t\t\t<div class=\"elementor-widget-container\">\n\t\t\t\t\t<h1 class=\"elementor-heading-title elementor-size-default\">Who is \u00c9milien Buffard?\n<\/h1>\t\t\t\t<\/div>\n\t\t\t\t<\/div>\n\t\t\t\t<div class=\"elementor-element elementor-element-35ce9e1 elementor-widget-divider--view-line elementor-widget elementor-widget-divider\" data-id=\"35ce9e1\" data-element_type=\"widget\" data-e-type=\"widget\" data-widget_type=\"divider.default\">\n\t\t\t\t<div class=\"elementor-widget-container\">\n\t\t\t\t\t\t\t<div class=\"elementor-divider\">\n\t\t\t<span class=\"elementor-divider-separator\">\n\t\t\t\t\t\t<\/span>\n\t\t<\/div>\n\t\t\t\t\t\t<\/div>\n\t\t\t\t<\/div>\n\t\t\t\t<div class=\"elementor-element elementor-element-f509847 elementor-widget-tablet__width-initial elementor-hidden-desktop elementor-widget elementor-widget-image\" data-id=\"f509847\" data-element_type=\"widget\" data-e-type=\"widget\" data-widget_type=\"image.default\">\n\t\t\t\t<div class=\"elementor-widget-container\">\n\t\t\t\t\t\t\t\t\t\t\t\t\t\t\t<img decoding=\"async\" width=\"681\" height=\"1024\" src=\"https:\/\/sportfriendlyproject.com\/wp-content\/uploads\/2025\/03\/Emilien-681x1024.webp\" class=\"attachment-large size-large wp-image-3416\" alt=\"\" srcset=\"https:\/\/sportfriendlyproject.com\/wp-content\/uploads\/2025\/03\/Emilien-681x1024.webp 681w, https:\/\/sportfriendlyproject.com\/wp-content\/uploads\/2025\/03\/Emilien-200x300.webp 200w, https:\/\/sportfriendlyproject.com\/wp-content\/uploads\/2025\/03\/Emilien-768x1155.webp 768w, https:\/\/sportfriendlyproject.com\/wp-content\/uploads\/2025\/03\/Emilien-1022x1536.webp 1022w, https:\/\/sportfriendlyproject.com\/wp-content\/uploads\/2025\/03\/Emilien-1362x2048.webp 1362w, https:\/\/sportfriendlyproject.com\/wp-content\/uploads\/2025\/03\/Emilien-8x12.webp 8w, https:\/\/sportfriendlyproject.com\/wp-content\/uploads\/2025\/03\/Emilien-600x902.webp 600w, https:\/\/sportfriendlyproject.com\/wp-content\/uploads\/2025\/03\/Emilien.webp 1500w\" sizes=\"(max-width: 681px) 100vw, 681px\" \/>\t\t\t\t\t\t\t\t\t\t\t\t\t\t\t<\/div>\n\t\t\t\t<\/div>\n\t\t\t\t<div class=\"elementor-element elementor-element-be0c9bc elementor-widget elementor-widget-text-editor\" data-id=\"be0c9bc\" data-element_type=\"widget\" data-e-type=\"widget\" data-widget_type=\"text-editor.default\">\n\t\t\t\t<div class=\"elementor-widget-container\">\n\t\t\t\t\t\t\t\t\t<p><span style=\"font-weight: 400;\">With his project <\/span><b>\u201cSport Friendly: The Field of Diversity!\u201d<\/b><span style=\"font-weight: 400;\">, \u00c9milien Buffard utilizes photography to unveil a sporting reality, which autonomously unfolds in cities across different countries, reflecting a social impulse that significantly disrupts long-established norms. His work prompts reflection on the importance of representation and inclusion in sports, challenging stereotypes that limit the participation of certain groups. Buffard celebrates diversity and demonstrates that sports can be a form of expression and empowerment for all identities. His work invites us to reimagine sports as a respectful space where every body and person finds their place.<\/span><\/p><p><span style=\"font-weight: 400;\">By exhibiting in public spaces and museums, French artist \u00c9milien Buffard initiates a dialogue with those who may not always be attuned to the cause of diversity. His works have been viewed by over a million spectators <\/span><span style=\"font-weight: 400;\">at major events such as the 3rd South American Youth Games (2022) and the Paris 2024 Olympic and Paralympic Games, as well as in cultural institutions like the Centre del Carme Cultura Contempor\u00e1nea (Valencia, Spain), the Centro Cultural Kirchner (Buenos Aires, Argentina), and various French Embassies. His work has also received extensive international media coverage, and was awarded the prestigious<\/span> <span style=\"font-weight: 400;\">\u201cCultural Olympiad\u201d label by the Paris 2024 Olympic and Paralympic Games Organizing Committee, underlining its importance in the global cultural and sporting landscape.<\/span><\/p>\t\t\t\t\t\t\t\t<\/div>\n\t\t\t\t<\/div>\n\t\t\t\t<div class=\"elementor-element elementor-element-a22bae9 elementor-widget elementor-widget-button\" data-id=\"a22bae9\" data-element_type=\"widget\" data-e-type=\"widget\" data-widget_type=\"button.default\">\n\t\t\t\t<div class=\"elementor-widget-container\">\n\t\t\t\t\t\t\t\t\t<div class=\"elementor-button-wrapper\">\n\t\t\t\t\t<a class=\"elementor-button elementor-button-link elementor-size-sm\" href=\"https:\/\/emilienbuffard.com\" target=\"_blank\" rel=\"noopener\">\n\t\t\t\t\t\t<span class=\"elementor-button-content-wrapper\">\n\t\t\t\t\t\t<span class=\"elementor-button-icon\">\n\t\t\t\t<svg aria-hidden=\"true\" class=\"e-font-icon-svg e-fas-external-link-alt\" viewbox=\"0 0 512 512\" xmlns=\"http:\/\/www.w3.org\/2000\/svg\"><path d=\"M432,320H400a16,16,0,0,0-16,16V448H64V128H208a16,16,0,0,0,16-16V80a16,16,0,0,0-16-16H48A48,48,0,0,0,0,112V464a48,48,0,0,0,48,48H400a48,48,0,0,0,48-48V336A16,16,0,0,0,432,320ZM488,0h-128c-21.37,0-32.05,25.91-17,41l35.73,35.73L135,320.37a24,24,0,0,0,0,34L157.67,377a24,24,0,0,0,34,0L435.28,133.32,471,169c15,15,41,4.5,41-17V24A24,24,0,0,0,488,0Z\"><\/path><\/svg>\t\t\t<\/span>\n\t\t\t\t\t\t\t\t\t<span class=\"elementor-button-text\">Find out more about the artist<\/span>\n\t\t\t\t\t<\/span>\n\t\t\t\t\t<\/a>\n\t\t\t\t<\/div>\n\t\t\t\t\t\t\t\t<\/div>\n\t\t\t\t<\/div>\n\t\t\t\t<\/div>\n\t\t<div class=\"elementor-element elementor-element-a67d8a3 e-con-full elementor-hidden-tablet elementor-hidden-mobile e-flex e-con e-child\" data-id=\"a67d8a3\" data-element_type=\"container\" data-e-type=\"container\" data-settings=\"{&quot;background_background&quot;:&quot;classic&quot;,&quot;jet_parallax_layout_list&quot;:[]}\">\n\t\t\t\t<div class=\"elementor-element elementor-element-a1ba255 elementor-widget elementor-widget-image\" data-id=\"a1ba255\" data-element_type=\"widget\" data-e-type=\"widget\" data-widget_type=\"image.default\">\n\t\t\t\t<div class=\"elementor-widget-container\">\n\t\t\t\t\t\t\t\t\t\t\t\t\t\t\t<img decoding=\"async\" width=\"681\" height=\"1024\" src=\"https:\/\/sportfriendlyproject.com\/wp-content\/uploads\/2025\/03\/Emilien-681x1024.webp\" class=\"attachment-large size-large wp-image-3416\" alt=\"\" srcset=\"https:\/\/sportfriendlyproject.com\/wp-content\/uploads\/2025\/03\/Emilien-681x1024.webp 681w, https:\/\/sportfriendlyproject.com\/wp-content\/uploads\/2025\/03\/Emilien-200x300.webp 200w, https:\/\/sportfriendlyproject.com\/wp-content\/uploads\/2025\/03\/Emilien-768x1155.webp 768w, https:\/\/sportfriendlyproject.com\/wp-content\/uploads\/2025\/03\/Emilien-1022x1536.webp 1022w, https:\/\/sportfriendlyproject.com\/wp-content\/uploads\/2025\/03\/Emilien-1362x2048.webp 1362w, https:\/\/sportfriendlyproject.com\/wp-content\/uploads\/2025\/03\/Emilien-8x12.webp 8w, https:\/\/sportfriendlyproject.com\/wp-content\/uploads\/2025\/03\/Emilien-600x902.webp 600w, https:\/\/sportfriendlyproject.com\/wp-content\/uploads\/2025\/03\/Emilien.webp 1500w\" sizes=\"(max-width: 681px) 100vw, 681px\" \/>\t\t\t\t\t\t\t\t\t\t\t\t\t\t\t<\/div>\n\t\t\t\t<\/div>\n\t\t\t\t<\/div>\n\t\t\t\t\t<\/div>\n\t\t\t\t<\/div>\n\t\t\t\t<\/div>","protected":false},"excerpt":{"rendered":"<p>El proyecto \u00a1LA CULTURA Y EL DEPORTE AL SERVICIO DE LA TRANSFORMACI\u00d3N SOCIAL! \u201cSport Friendly: \u00a1la cancha de la diversidad!\u201d es una experiencia art\u00edstica internacional y colaborativa impulsada por el artista \u00c9milien Buffard, con el apoyo del Instituto Franc\u00e9s de Par\u00eds y reconocida con el sello \u00abOlimpiada Cultural\u00bb por el Comit\u00e9 Ol\u00edmpico y Paral\u00edmpico de [&hellip;]<\/p>\n","protected":false},"author":2,"featured_media":0,"parent":0,"menu_order":0,"comment_status":"closed","ping_status":"closed","template":"","meta":{"footnotes":""},"class_list":["post-792","page","type-page","status-publish","hentry"],"_links":{"self":[{"href":"https:\/\/sportfriendlyproject.com\/en\/wp-json\/wp\/v2\/pages\/792","targetHints":{"allow":["GET"]}}],"collection":[{"href":"https:\/\/sportfriendlyproject.com\/en\/wp-json\/wp\/v2\/pages"}],"about":[{"href":"https:\/\/sportfriendlyproject.com\/en\/wp-json\/wp\/v2\/types\/page"}],"author":[{"embeddable":true,"href":"https:\/\/sportfriendlyproject.com\/en\/wp-json\/wp\/v2\/users\/2"}],"replies":[{"embeddable":true,"href":"https:\/\/sportfriendlyproject.com\/en\/wp-json\/wp\/v2\/comments?post=792"}],"version-history":[{"count":43,"href":"https:\/\/sportfriendlyproject.com\/en\/wp-json\/wp\/v2\/pages\/792\/revisions"}],"predecessor-version":[{"id":3474,"href":"https:\/\/sportfriendlyproject.com\/en\/wp-json\/wp\/v2\/pages\/792\/revisions\/3474"}],"wp:attachment":[{"href":"https:\/\/sportfriendlyproject.com\/en\/wp-json\/wp\/v2\/media?parent=792"}],"curies":[{"name":"wp","href":"https:\/\/api.w.org\/{rel}","templated":true}]}}