{"id":739,"date":"2024-05-28T05:46:58","date_gmt":"2024-05-28T03:46:58","guid":{"rendered":"https:\/\/sportfriendlyproject.com\/?page_id=739"},"modified":"2024-06-20T21:40:21","modified_gmt":"2024-06-20T19:40:21","slug":"create-your-action-en","status":"publish","type":"page","link":"https:\/\/sportfriendlyproject.com\/en\/crea-tu-accion\/","title":{"rendered":"Crea tu acci\u00f3n"},"content":{"rendered":"\t\t<div data-elementor-type=\"wp-page\" data-elementor-id=\"739\" class=\"elementor elementor-739\" data-elementor-post-type=\"page\">\n\t\t\t\t<div class=\"elementor-element elementor-element-493b79d e-flex e-con-boxed e-con e-parent\" data-id=\"493b79d\" data-element_type=\"container\" data-e-type=\"container\" data-settings=\"{&quot;background_background&quot;:&quot;classic&quot;,&quot;shape_divider_bottom&quot;:&quot;tilt&quot;,&quot;jet_parallax_layout_list&quot;:[]}\">\n\t\t\t\t\t<div class=\"e-con-inner\">\n\t\t\t\t<div class=\"elementor-shape elementor-shape-bottom\" aria-hidden=\"true\" data-negative=\"false\">\n\t\t\t<svg xmlns=\"http:\/\/www.w3.org\/2000\/svg\" viewBox=\"0 0 1000 100\" preserveAspectRatio=\"none\">\n\t<path class=\"elementor-shape-fill\" d=\"M0,6V0h1000v100L0,6z\"\/>\n<\/svg>\t\t<\/div>\n\t\t\t\t<div class=\"elementor-element elementor-element-4583fd9 elementor-widget elementor-widget-heading\" data-id=\"4583fd9\" data-element_type=\"widget\" data-e-type=\"widget\" data-widget_type=\"heading.default\">\n\t\t\t\t<div class=\"elementor-widget-container\">\n\t\t\t\t\t<h1 class=\"elementor-heading-title elementor-size-default\">\u00a1CREE SU ACCI\u00d3N SPORT FRIENDLY!\n<\/h1>\t\t\t\t<\/div>\n\t\t\t\t<\/div>\n\t\t\t\t\t<\/div>\n\t\t\t\t<\/div>\n\t\t<div class=\"elementor-element elementor-element-5100d44 e-flex e-con-boxed e-con e-parent\" data-id=\"5100d44\" data-element_type=\"container\" data-e-type=\"container\" data-settings=\"{&quot;jet_parallax_layout_list&quot;:[]}\">\n\t\t\t\t\t<div class=\"e-con-inner\">\n\t\t\t\t<div class=\"elementor-element elementor-element-df5bb4b elementor-widget elementor-widget-heading\" data-id=\"df5bb4b\" data-element_type=\"widget\" data-e-type=\"widget\" data-widget_type=\"heading.default\">\n\t\t\t\t<div class=\"elementor-widget-container\">\n\t\t\t\t\t<h2 class=\"elementor-heading-title elementor-size-default\">\u00bfLISTO PARA TRANSMITIR SU MENSAJE?\n<\/h2>\t\t\t\t<\/div>\n\t\t\t\t<\/div>\n\t\t\t\t<div class=\"elementor-element elementor-element-4c540f0 elementor-widget elementor-widget-text-editor\" data-id=\"4c540f0\" data-element_type=\"widget\" data-e-type=\"widget\" data-widget_type=\"text-editor.default\">\n\t\t\t\t<div class=\"elementor-widget-container\">\n\t\t\t\t\t\t\t\t\tPara crear una Acci\u00f3n Sport Friendly, re\u00fana al menos a 10 jugadores de un equipo inclusivo de su ciudad o regi\u00f3n. Tome sus retratos, nosotros nos encargaremos de preparar los archivos para la impresi\u00f3n. Luego, exhiba las fotos en un lugar p\u00fablico, un museo o un centro cultural. \u00a1Establezca asociaciones con instituciones u organizaciones de su ciudad\/regi\u00f3n para transmitir su poderoso mensaje a favor de la inclusi\u00f3n en el deporte y la sociedad!\n\nSiga los 6 pasos y lea atentamente las instrucciones antes de enviar su Acci\u00f3n al equipo Sport Friendly.\n\t\t\t\t\t\t\t\t<\/div>\n\t\t\t\t<\/div>\n\t\t\t\t<div class=\"elementor-element elementor-element-7791ba5 elementor-widget elementor-widget-heading\" data-id=\"7791ba5\" data-element_type=\"widget\" data-e-type=\"widget\" data-widget_type=\"heading.default\">\n\t\t\t\t<div class=\"elementor-widget-container\">\n\t\t\t\t\t<h3 class=\"elementor-heading-title elementor-size-default\">\u00a1As\u00ed es como funciona!<\/h3>\t\t\t\t<\/div>\n\t\t\t\t<\/div>\n\t\t\t\t<div class=\"elementor-element elementor-element-c132931 elementor-widget-divider--view-line elementor-widget elementor-widget-divider\" data-id=\"c132931\" data-element_type=\"widget\" data-e-type=\"widget\" data-widget_type=\"divider.default\">\n\t\t\t\t<div class=\"elementor-widget-container\">\n\t\t\t\t\t\t\t<div class=\"elementor-divider\">\n\t\t\t<span class=\"elementor-divider-separator\">\n\t\t\t\t\t\t<\/span>\n\t\t<\/div>\n\t\t\t\t\t\t<\/div>\n\t\t\t\t<\/div>\n\t\t\t\t<div class=\"elementor-element elementor-element-37d0174 elementor-widget elementor-widget-jet-timeline\" data-id=\"37d0174\" data-element_type=\"widget\" data-e-type=\"widget\" data-widget_type=\"jet-timeline.default\">\n\t\t\t\t<div class=\"elementor-widget-container\">\n\t\t\t\t\t<div class=\"elementor-jet-timeline jet-elements\"><div class=\"jet-timeline jet-timeline--align-center jet-timeline--align-middle\">\n\t<div class=\"jet-timeline__line\"><div class=\"jet-timeline__line-progress\"><\/div><\/div>\n\t<div class=\"jet-timeline-list\"><div class=\"jet-timeline-item jet-timeline-item--animated elementor-repeater-item-5f3fb26 jet-timeline-item--image-inside\">\n\t<div class=\"timeline-item__card\">\n\t\t<div class=\"timeline-item__card-inner\">\n\t\t\t\t\t\t\t\t<div class=\"timeline-item__card-content\">\n\t\t\t\t\t<div class=\"timeline-item__meta\"><\/div><h5 class=\"timeline-item__card-title\">Paso 1 - Identifique en su ciudad\/regi\u00f3n uno o m\u00e1s equipos inclusivos Sport Friendly.<\/h5><div class=\"timeline-item__card-desc\">Son asociaciones deportivas (f\u00fatbol, voleibol, nataci\u00f3n, rugby, etc.) que trabajan dentro y fuera de las canchas por la igualdad y la inclusi\u00f3n. Son abiertos a todos y defienden la diversidad sexual, social, f\u00edsica y de g\u00e9neros.\n<\/div>\t\t\t\t<\/div>\n\t\t\t\t\t\t<\/div>\n\t\t<div class=\"timeline-item__card-arrow\"><\/div>\n\t<\/div>\n\t<div class=\"timeline-item__point\"><div class=\"timeline-item__point-content timeline-item__point-content--text\">1<\/div><\/div><div class=\"timeline-item__meta\"><\/div><\/div><div class=\"jet-timeline-item jet-timeline-item--animated elementor-repeater-item-800bf97 jet-timeline-item--image-inside\">\n\t<div class=\"timeline-item__card\">\n\t\t<div class=\"timeline-item__card-inner\">\n\t\t\t\t\t\t\t\t<div class=\"timeline-item__card-content\">\n\t\t\t\t\t<div class=\"timeline-item__meta\"><\/div><h5 class=\"timeline-item__card-title\">Paso 2 - Contrate a un fot\u00f3grafo profesional local<\/h5><div class=\"timeline-item__card-desc\">Para realizar una serie de al menos 10 retratos + 5 fotos originales (1 hora de sesi\u00f3n fotogr\u00e1fica) y seleccionar y retocar las fotos (1 hora de trabajo). Se proporciona un manual de condiciones para guiar f\u00e1cilmente la producci\u00f3n y la est\u00e9tica.<\/div>\t\t\t\t<\/div>\n\t\t\t\t\t\t<\/div>\n\t\t<div class=\"timeline-item__card-arrow\"><\/div>\n\t<\/div>\n\t<div class=\"timeline-item__point\"><div class=\"timeline-item__point-content timeline-item__point-content--text\">2<\/div><\/div><div class=\"timeline-item__meta\"><\/div><\/div><div class=\"jet-timeline-item jet-timeline-item--animated elementor-repeater-item-03c8bbb jet-timeline-item--image-inside\">\n\t<div class=\"timeline-item__card\">\n\t\t<div class=\"timeline-item__card-inner\">\n\t\t\t\t\t\t\t\t<div class=\"timeline-item__card-content\">\n\t\t\t\t\t<div class=\"timeline-item__meta\"><\/div><h5 class=\"timeline-item__card-title\">Paso 3 - Invite a uno o m\u00e1s miembros del equipo inclusivo a escribir un testimonio<\/h5><div class=\"timeline-item__card-desc\">El testimonio debe ser de 150 palabras relacionado con su foto y el tema de la inclusi\u00f3n, para acompa\u00f1ar su exposici\u00f3n.<\/div>\t\t\t\t<\/div>\n\t\t\t\t\t\t<\/div>\n\t\t<div class=\"timeline-item__card-arrow\"><\/div>\n\t<\/div>\n\t<div class=\"timeline-item__point\"><div class=\"timeline-item__point-content timeline-item__point-content--text\">3<\/div><\/div><div class=\"timeline-item__meta\"><\/div><\/div><div class=\"jet-timeline-item jet-timeline-item--animated elementor-repeater-item-0915a11 jet-timeline-item--image-inside\">\n\t<div class=\"timeline-item__card\">\n\t\t<div class=\"timeline-item__card-inner\">\n\t\t\t\t\t\t\t\t<div class=\"timeline-item__card-content\">\n\t\t\t\t\t<div class=\"timeline-item__meta\"><\/div><h5 class=\"timeline-item__card-title\">Paso 4 - \u00a1Env\u00edenos sus retratos!<\/h5><div class=\"timeline-item__card-desc\">Nosotros nos encargaremos de la curadur\u00eda de la exposici\u00f3n.<\/div>\t\t\t\t<\/div>\n\t\t\t\t\t\t<\/div>\n\t\t<div class=\"timeline-item__card-arrow\"><\/div>\n\t<\/div>\n\t<div class=\"timeline-item__point\"><div class=\"timeline-item__point-content timeline-item__point-content--text\">4<\/div><\/div><div class=\"timeline-item__meta\"><\/div><\/div><div class=\"jet-timeline-item jet-timeline-item--animated elementor-repeater-item-9df1612 jet-timeline-item--image-inside\">\n\t<div class=\"timeline-item__card\">\n\t\t<div class=\"timeline-item__card-inner\">\n\t\t\t\t\t\t\t\t<div class=\"timeline-item__card-content\">\n\t\t\t\t\t<div class=\"timeline-item__meta\"><\/div><h5 class=\"timeline-item__card-title\">Paso 5 - \u00a1Organice su exposici\u00f3n!<\/h5><div class=\"timeline-item__card-desc\">Encuentre un lugar y fije una fecha. Ponemos a su disposici\u00f3n un kit de argumentos para ayudarlo a promover el proyecto con sus socios y un kit pedag\u00f3gico para proporcionarle ideas de actividades para involucrar y sensibilizar a diferentes p\u00fablicos en torno a la exposici\u00f3n.<\/div>\t\t\t\t<\/div>\n\t\t\t\t\t\t<\/div>\n\t\t<div class=\"timeline-item__card-arrow\"><\/div>\n\t<\/div>\n\t<div class=\"timeline-item__point\"><div class=\"timeline-item__point-content timeline-item__point-content--text\">5<\/div><\/div><div class=\"timeline-item__meta\"><\/div><\/div><div class=\"jet-timeline-item jet-timeline-item--animated elementor-repeater-item-07fce12 jet-timeline-item--image-inside\">\n\t<div class=\"timeline-item__card\">\n\t\t<div class=\"timeline-item__card-inner\">\n\t\t\t\t\t\t\t\t<div class=\"timeline-item__card-content\">\n\t\t\t\t\t<div class=\"timeline-item__meta\"><\/div><h5 class=\"timeline-item__card-title\">Paso 6 - \u00a1Hagamos viajar su mensaje!<\/h5><div class=\"timeline-item__card-desc\">Env\u00edenos las fotos y v\u00eddeos de la sesi\u00f3n de fotos y de la exposici\u00f3n terminada, art\u00edculos de prensa y cualquier otro contenido que pueda animar su Acci\u00f3n. Compartiremos sus fotos en nuestras redes sociales y nuestro sitio web para difundir su mensaje a nivel mundial. \u00a1Env\u00edenos la mayor cantidad de contenido posible! Comparta su Acci\u00f3n en redes sociales usando el <b>#sportfriendlyproject<\/b> y contacte a la prensa para hablar sobre el proyecto.<\/div>\t\t\t\t<\/div>\n\t\t\t\t\t\t<\/div>\n\t\t<div class=\"timeline-item__card-arrow\"><\/div>\n\t<\/div>\n\t<div class=\"timeline-item__point\"><div class=\"timeline-item__point-content timeline-item__point-content--text\">6<\/div><\/div><div class=\"timeline-item__meta\"><\/div><\/div><\/div><\/div><\/div>\t\t\t\t<\/div>\n\t\t\t\t<\/div>\n\t\t\t\t<div class=\"elementor-element elementor-element-8dfe335 elementor-widget__width-initial elementor-absolute elementor-widget elementor-widget-image\" data-id=\"8dfe335\" data-element_type=\"widget\" data-e-type=\"widget\" data-settings=\"{&quot;_position&quot;:&quot;absolute&quot;}\" data-widget_type=\"image.default\">\n\t\t\t\t<div class=\"elementor-widget-container\">\n\t\t\t\t\t\t\t\t\t\t\t\t\t\t\t<img fetchpriority=\"high\" decoding=\"async\" width=\"683\" height=\"1024\" src=\"https:\/\/sportfriendlyproject.com\/wp-content\/uploads\/2024\/05\/Sport-Friendly_-Buffard_-6-683x1024.webp\" class=\"attachment-large size-large wp-image-158\" alt=\"\" srcset=\"https:\/\/sportfriendlyproject.com\/wp-content\/uploads\/2024\/05\/Sport-Friendly_-Buffard_-6-683x1024.webp 683w, https:\/\/sportfriendlyproject.com\/wp-content\/uploads\/2024\/05\/Sport-Friendly_-Buffard_-6-600x900.webp 600w, https:\/\/sportfriendlyproject.com\/wp-content\/uploads\/2024\/05\/Sport-Friendly_-Buffard_-6-200x300.webp 200w, https:\/\/sportfriendlyproject.com\/wp-content\/uploads\/2024\/05\/Sport-Friendly_-Buffard_-6-768x1152.webp 768w, https:\/\/sportfriendlyproject.com\/wp-content\/uploads\/2024\/05\/Sport-Friendly_-Buffard_-6-1024x1536.webp 1024w, https:\/\/sportfriendlyproject.com\/wp-content\/uploads\/2024\/05\/Sport-Friendly_-Buffard_-6.webp 1200w\" sizes=\"(max-width: 683px) 100vw, 683px\" \/>\t\t\t\t\t\t\t\t\t\t\t\t\t\t\t<\/div>\n\t\t\t\t<\/div>\n\t\t\t\t<div class=\"elementor-element elementor-element-d43c50b elementor-widget__width-initial elementor-absolute elementor-widget elementor-widget-image\" data-id=\"d43c50b\" data-element_type=\"widget\" data-e-type=\"widget\" data-settings=\"{&quot;_position&quot;:&quot;absolute&quot;}\" data-widget_type=\"image.default\">\n\t\t\t\t<div class=\"elementor-widget-container\">\n\t\t\t\t\t\t\t\t\t\t\t\t\t\t\t<img decoding=\"async\" width=\"681\" height=\"1024\" src=\"https:\/\/sportfriendlyproject.com\/wp-content\/uploads\/2024\/05\/Paname-Boxing-Club_36-681x1024.webp\" class=\"attachment-large size-large wp-image-154\" alt=\"\" srcset=\"https:\/\/sportfriendlyproject.com\/wp-content\/uploads\/2024\/05\/Paname-Boxing-Club_36-681x1024.webp 681w, https:\/\/sportfriendlyproject.com\/wp-content\/uploads\/2024\/05\/Paname-Boxing-Club_36-600x902.webp 600w, https:\/\/sportfriendlyproject.com\/wp-content\/uploads\/2024\/05\/Paname-Boxing-Club_36-200x300.webp 200w, https:\/\/sportfriendlyproject.com\/wp-content\/uploads\/2024\/05\/Paname-Boxing-Club_36-768x1154.webp 768w, https:\/\/sportfriendlyproject.com\/wp-content\/uploads\/2024\/05\/Paname-Boxing-Club_36-1022x1536.webp 1022w, https:\/\/sportfriendlyproject.com\/wp-content\/uploads\/2024\/05\/Paname-Boxing-Club_36-1363x2048.webp 1363w, https:\/\/sportfriendlyproject.com\/wp-content\/uploads\/2024\/05\/Paname-Boxing-Club_36.webp 1500w\" sizes=\"(max-width: 681px) 100vw, 681px\" \/>\t\t\t\t\t\t\t\t\t\t\t\t\t\t\t<\/div>\n\t\t\t\t<\/div>\n\t\t\t\t<div class=\"elementor-element elementor-element-8235a0f elementor-widget__width-initial elementor-absolute elementor-widget elementor-widget-image\" data-id=\"8235a0f\" data-element_type=\"widget\" data-e-type=\"widget\" data-settings=\"{&quot;_position&quot;:&quot;absolute&quot;}\" data-widget_type=\"image.default\">\n\t\t\t\t<div class=\"elementor-widget-container\">\n\t\t\t\t\t\t\t\t\t\t\t\t\t\t\t<img decoding=\"async\" width=\"683\" height=\"1024\" src=\"https:\/\/sportfriendlyproject.com\/wp-content\/uploads\/2024\/05\/Sport-Friendly_-Buffard_-2-683x1024.webp\" class=\"attachment-large size-large wp-image-157\" alt=\"\" srcset=\"https:\/\/sportfriendlyproject.com\/wp-content\/uploads\/2024\/05\/Sport-Friendly_-Buffard_-2-683x1024.webp 683w, https:\/\/sportfriendlyproject.com\/wp-content\/uploads\/2024\/05\/Sport-Friendly_-Buffard_-2-600x900.webp 600w, https:\/\/sportfriendlyproject.com\/wp-content\/uploads\/2024\/05\/Sport-Friendly_-Buffard_-2-200x300.webp 200w, https:\/\/sportfriendlyproject.com\/wp-content\/uploads\/2024\/05\/Sport-Friendly_-Buffard_-2-768x1152.webp 768w, https:\/\/sportfriendlyproject.com\/wp-content\/uploads\/2024\/05\/Sport-Friendly_-Buffard_-2-1024x1536.webp 1024w, https:\/\/sportfriendlyproject.com\/wp-content\/uploads\/2024\/05\/Sport-Friendly_-Buffard_-2.webp 1200w\" sizes=\"(max-width: 683px) 100vw, 683px\" \/>\t\t\t\t\t\t\t\t\t\t\t\t\t\t\t<\/div>\n\t\t\t\t<\/div>\n\t\t\t\t\t<\/div>\n\t\t\t\t<\/div>\n\t\t<div class=\"elementor-element elementor-element-7e996cb e-flex e-con-boxed e-con e-parent\" data-id=\"7e996cb\" data-element_type=\"container\" data-e-type=\"container\" data-settings=\"{&quot;jet_parallax_layout_list&quot;:[]}\">\n\t\t\t\t\t<div class=\"e-con-inner\">\n\t\t\t\t<div class=\"elementor-element elementor-element-a26747f elementor-widget elementor-widget-heading\" data-id=\"a26747f\" data-element_type=\"widget\" data-e-type=\"widget\" data-widget_type=\"heading.default\">\n\t\t\t\t<div class=\"elementor-widget-container\">\n\t\t\t\t\t<h2 class=\"elementor-heading-title elementor-size-default\">\u00a1Ahora es su turno!<\/h2>\t\t\t\t<\/div>\n\t\t\t\t<\/div>\n\t\t\t\t<div class=\"elementor-element elementor-element-2d1676d elementor-widget elementor-widget-heading\" data-id=\"2d1676d\" data-element_type=\"widget\" data-e-type=\"widget\" data-widget_type=\"heading.default\">\n\t\t\t\t<div class=\"elementor-widget-container\">\n\t\t\t\t\t<span class=\"elementor-heading-title elementor-size-default\">- Contacta con el equipo de Sport Friendly -<\/span>\t\t\t\t<\/div>\n\t\t\t\t<\/div>\n\t\t\t\t<div class=\"elementor-element elementor-element-61d118c elementor-widget__width-initial elementor-absolute elementor-invisible elementor-widget elementor-widget-image\" data-id=\"61d118c\" data-element_type=\"widget\" data-e-type=\"widget\" data-settings=\"{&quot;_position&quot;:&quot;absolute&quot;,&quot;_animation&quot;:&quot;fadeInUp&quot;}\" data-widget_type=\"image.default\">\n\t\t\t\t<div class=\"elementor-widget-container\">\n\t\t\t\t\t\t\t\t\t\t\t\t\t\t\t<img loading=\"lazy\" decoding=\"async\" width=\"681\" height=\"1024\" src=\"https:\/\/sportfriendlyproject.com\/wp-content\/uploads\/2024\/05\/Panteras_-Jarabicos__23-681x1024.webp\" class=\"attachment-large size-large wp-image-155\" alt=\"\" srcset=\"https:\/\/sportfriendlyproject.com\/wp-content\/uploads\/2024\/05\/Panteras_-Jarabicos__23-681x1024.webp 681w, https:\/\/sportfriendlyproject.com\/wp-content\/uploads\/2024\/05\/Panteras_-Jarabicos__23-600x902.webp 600w, https:\/\/sportfriendlyproject.com\/wp-content\/uploads\/2024\/05\/Panteras_-Jarabicos__23-200x300.webp 200w, https:\/\/sportfriendlyproject.com\/wp-content\/uploads\/2024\/05\/Panteras_-Jarabicos__23-768x1155.webp 768w, https:\/\/sportfriendlyproject.com\/wp-content\/uploads\/2024\/05\/Panteras_-Jarabicos__23-1022x1536.webp 1022w, https:\/\/sportfriendlyproject.com\/wp-content\/uploads\/2024\/05\/Panteras_-Jarabicos__23-1362x2048.webp 1362w, https:\/\/sportfriendlyproject.com\/wp-content\/uploads\/2024\/05\/Panteras_-Jarabicos__23.webp 1500w\" sizes=\"(max-width: 681px) 100vw, 681px\" \/>\t\t\t\t\t\t\t\t\t\t\t\t\t\t\t<\/div>\n\t\t\t\t<\/div>\n\t\t\t\t<div class=\"elementor-element elementor-element-db6dee3 elementor-widget__width-initial elementor-absolute elementor-invisible elementor-widget elementor-widget-image\" data-id=\"db6dee3\" data-element_type=\"widget\" data-e-type=\"widget\" data-settings=\"{&quot;_position&quot;:&quot;absolute&quot;,&quot;_animation&quot;:&quot;fadeInUp&quot;}\" data-widget_type=\"image.default\">\n\t\t\t\t<div class=\"elementor-widget-container\">\n\t\t\t\t\t\t\t\t\t\t\t\t\t\t\t<img loading=\"lazy\" decoding=\"async\" width=\"681\" height=\"1024\" src=\"https:\/\/sportfriendlyproject.com\/wp-content\/uploads\/2024\/05\/SF0_6883-copie-681x1024.webp\" class=\"attachment-large size-large wp-image-156\" alt=\"\" srcset=\"https:\/\/sportfriendlyproject.com\/wp-content\/uploads\/2024\/05\/SF0_6883-copie-681x1024.webp 681w, https:\/\/sportfriendlyproject.com\/wp-content\/uploads\/2024\/05\/SF0_6883-copie-600x902.webp 600w, https:\/\/sportfriendlyproject.com\/wp-content\/uploads\/2024\/05\/SF0_6883-copie-200x300.webp 200w, https:\/\/sportfriendlyproject.com\/wp-content\/uploads\/2024\/05\/SF0_6883-copie-768x1154.webp 768w, https:\/\/sportfriendlyproject.com\/wp-content\/uploads\/2024\/05\/SF0_6883-copie-1022x1536.webp 1022w, https:\/\/sportfriendlyproject.com\/wp-content\/uploads\/2024\/05\/SF0_6883-copie-1363x2048.webp 1363w, https:\/\/sportfriendlyproject.com\/wp-content\/uploads\/2024\/05\/SF0_6883-copie.webp 1500w\" sizes=\"(max-width: 681px) 100vw, 681px\" \/>\t\t\t\t\t\t\t\t\t\t\t\t\t\t\t<\/div>\n\t\t\t\t<\/div>\n\t\t<div class=\"elementor-element elementor-element-d557b8d e-con-full contenedor e-flex e-con e-child\" data-id=\"d557b8d\" data-element_type=\"container\" data-e-type=\"container\" data-settings=\"{&quot;jet_parallax_layout_list&quot;:[]}\">\n\t\t\t\t<div class=\"elementor-element elementor-element-ee6eb7c elementor-button-align-stretch elementor-widget elementor-widget-form\" data-id=\"ee6eb7c\" data-element_type=\"widget\" data-e-type=\"widget\" data-settings=\"{&quot;step_next_label&quot;:&quot;Next&quot;,&quot;step_previous_label&quot;:&quot;Previous&quot;,&quot;button_width&quot;:&quot;100&quot;,&quot;step_type&quot;:&quot;number_text&quot;,&quot;step_icon_shape&quot;:&quot;circle&quot;}\" data-widget_type=\"form.default\">\n\t\t\t\t<div class=\"elementor-widget-container\">\n\t\t\t\t\t\t\t<form class=\"elementor-form\" method=\"post\" name=\"Formulario pagina crea tu acci\u00f3n\" aria-label=\"Formulario pagina crea tu acci\u00f3n\">\n\t\t\t<input type=\"hidden\" name=\"post_id\" value=\"739\"\/>\n\t\t\t<input type=\"hidden\" name=\"form_id\" value=\"ee6eb7c\"\/>\n\t\t\t<input type=\"hidden\" name=\"referer_title\" value=\"\" \/>\n\n\t\t\t\n\t\t\t<div class=\"elementor-form-fields-wrapper elementor-labels-above\">\n\t\t\t\t\t\t\t\t<div class=\"elementor-field-type-text elementor-field-group elementor-column elementor-field-group-name elementor-col-100\">\n\t\t\t\t\t\t\t\t\t\t\t\t<label for=\"form-field-name\" class=\"elementor-field-label\">\n\t\t\t\t\t\t\t\tNombre y apellido\t\t\t\t\t\t\t<\/label>\n\t\t\t\t\t\t\t\t\t\t\t\t\t\t<input size=\"1\" type=\"text\" name=\"form_fields[name]\" id=\"form-field-name\" class=\"elementor-field elementor-size-sm  elementor-field-textual\" placeholder=\"Aqu\u00ed tu nombre y apellido\">\n\t\t\t\t\t\t\t\t\t\t\t<\/div>\n\t\t\t\t\t\t\t\t<div class=\"elementor-field-type-email elementor-field-group elementor-column elementor-field-group-email elementor-col-100 elementor-field-required\">\n\t\t\t\t\t\t\t\t\t\t\t\t<label for=\"form-field-email\" class=\"elementor-field-label\">\n\t\t\t\t\t\t\t\tEmail\t\t\t\t\t\t\t<\/label>\n\t\t\t\t\t\t\t\t\t\t\t\t\t\t<input size=\"1\" type=\"email\" name=\"form_fields[email]\" id=\"form-field-email\" class=\"elementor-field elementor-size-sm  elementor-field-textual\" placeholder=\"Aqu\u00ed tu email\" required=\"required\">\n\t\t\t\t\t\t\t\t\t\t\t<\/div>\n\t\t\t\t\t\t\t\t<div class=\"elementor-field-type-textarea elementor-field-group elementor-column elementor-field-group-message elementor-col-100\">\n\t\t\t\t\t\t\t\t\t\t\t\t<label for=\"form-field-message\" class=\"elementor-field-label\">\n\t\t\t\t\t\t\t\tMensaje\t\t\t\t\t\t\t<\/label>\n\t\t\t\t\t\t<textarea class=\"elementor-field-textual elementor-field  elementor-size-sm\" name=\"form_fields[message]\" id=\"form-field-message\" rows=\"4\" placeholder=\"Cu\u00e9ntanos sobre tu acci\u00f3n\"><\/textarea>\t\t\t\t<\/div>\n\t\t\t\t\t\t\t\t<div class=\"elementor-field-type-recaptcha elementor-field-group elementor-column elementor-field-group-field_1dcd41b elementor-col-100\">\n\t\t\t\t\t<div class=\"elementor-field\" id=\"form-field-field_1dcd41b\"><div class=\"elementor-g-recaptcha\" data-sitekey=\"6Ld6sf0pAAAAACu31wSIoQwdHpLwkXF20vIB8kWm\" data-type=\"v2_checkbox\" data-theme=\"light\" data-size=\"normal\"><\/div><\/div>\t\t\t\t<\/div>\n\t\t\t\t\t\t\t\t<div class=\"elementor-field-group elementor-column elementor-field-type-submit elementor-col-100 e-form__buttons\">\n\t\t\t\t\t<button class=\"elementor-button elementor-size-sm\" type=\"submit\">\n\t\t\t\t\t\t<span class=\"elementor-button-content-wrapper\">\n\t\t\t\t\t\t\t\t\t\t\t\t\t\t\t\t\t\t\t\t\t\t<span class=\"elementor-button-text\">Enviar solicitud<\/span>\n\t\t\t\t\t\t\t\t\t\t\t\t\t<\/span>\n\t\t\t\t\t<\/button>\n\t\t\t\t<\/div>\n\t\t\t<\/div>\n\t\t<\/form>\n\t\t\t\t\t\t<\/div>\n\t\t\t\t<\/div>\n\t\t\t\t<\/div>\n\t\t\t\t\t<\/div>\n\t\t\t\t<\/div>\n\t\t\t\t<\/div>\n\t\t","protected":false},"excerpt":{"rendered":"<p>\u00a1CREE SU ACCI\u00d3N SPORT FRIENDLY! \u00bfLISTO PARA TRANSMITIR SU MENSAJE? Para crear una Acci\u00f3n Sport Friendly, re\u00fana al menos a 10 jugadores de un equipo inclusivo de su ciudad o regi\u00f3n. Tome sus retratos, nosotros nos encargaremos de preparar los archivos para la impresi\u00f3n. Luego, exhiba las fotos en un lugar p\u00fablico, un museo o [&hellip;]<\/p>\n","protected":false},"author":2,"featured_media":0,"parent":0,"menu_order":0,"comment_status":"closed","ping_status":"closed","template":"","meta":{"footnotes":""},"class_list":["post-739","page","type-page","status-publish","hentry"],"_links":{"self":[{"href":"https:\/\/sportfriendlyproject.com\/en\/wp-json\/wp\/v2\/pages\/739","targetHints":{"allow":["GET"]}}],"collection":[{"href":"https:\/\/sportfriendlyproject.com\/en\/wp-json\/wp\/v2\/pages"}],"about":[{"href":"https:\/\/sportfriendlyproject.com\/en\/wp-json\/wp\/v2\/types\/page"}],"author":[{"embeddable":true,"href":"https:\/\/sportfriendlyproject.com\/en\/wp-json\/wp\/v2\/users\/2"}],"replies":[{"embeddable":true,"href":"https:\/\/sportfriendlyproject.com\/en\/wp-json\/wp\/v2\/comments?post=739"}],"version-history":[{"count":14,"href":"https:\/\/sportfriendlyproject.com\/en\/wp-json\/wp\/v2\/pages\/739\/revisions"}],"predecessor-version":[{"id":2677,"href":"https:\/\/sportfriendlyproject.com\/en\/wp-json\/wp\/v2\/pages\/739\/revisions\/2677"}],"wp:attachment":[{"href":"https:\/\/sportfriendlyproject.com\/en\/wp-json\/wp\/v2\/media?parent=739"}],"curies":[{"name":"wp","href":"https:\/\/api.w.org\/{rel}","templated":true}]}}