{"id":13,"date":"2024-03-12T14:08:36","date_gmt":"2024-03-12T14:08:36","guid":{"rendered":"https:\/\/sportfriendlyproject.com\/?page_id=13"},"modified":"2025-09-18T16:16:56","modified_gmt":"2025-09-18T14:16:56","slug":"contact-en","status":"publish","type":"page","link":"https:\/\/sportfriendlyproject.com\/en\/contacto\/","title":{"rendered":"Contact"},"content":{"rendered":"\t\t<div data-elementor-type=\"wp-page\" data-elementor-id=\"13\" class=\"elementor elementor-13\" data-elementor-post-type=\"page\">\n\t\t\t\t<div class=\"elementor-element elementor-element-9388c7d e-flex e-con-boxed e-con e-parent\" data-id=\"9388c7d\" data-element_type=\"container\" data-e-type=\"container\" data-settings=\"{&quot;background_background&quot;:&quot;classic&quot;,&quot;shape_divider_bottom&quot;:&quot;tilt&quot;,&quot;jet_parallax_layout_list&quot;:[]}\">\n\t\t\t\t\t<div class=\"e-con-inner\">\n\t\t\t\t<div class=\"elementor-shape elementor-shape-bottom\" aria-hidden=\"true\" data-negative=\"false\">\n\t\t\t<svg xmlns=\"http:\/\/www.w3.org\/2000\/svg\" viewBox=\"0 0 1000 100\" preserveAspectRatio=\"none\">\n\t<path class=\"elementor-shape-fill\" d=\"M0,6V0h1000v100L0,6z\"\/>\n<\/svg>\t\t<\/div>\n\t\t\t\t<div class=\"elementor-element elementor-element-47f327b elementor-widget elementor-widget-heading\" data-id=\"47f327b\" data-element_type=\"widget\" data-e-type=\"widget\" data-widget_type=\"heading.default\">\n\t\t\t\t<div class=\"elementor-widget-container\">\n\t\t\t\t\t<h1 class=\"elementor-heading-title elementor-size-default\">Contacto<\/h1>\t\t\t\t<\/div>\n\t\t\t\t<\/div>\n\t\t\t\t\t<\/div>\n\t\t\t\t<\/div>\n\t\t<div class=\"elementor-element elementor-element-64be00f e-flex e-con-boxed e-con e-parent\" data-id=\"64be00f\" data-element_type=\"container\" data-e-type=\"container\" data-settings=\"{&quot;jet_parallax_layout_list&quot;:[]}\">\n\t\t\t\t\t<div class=\"e-con-inner\">\n\t\t\t\t<div class=\"elementor-element elementor-element-8cdb70f elementor-widget__width-inherit elementor-widget elementor-widget-text-editor\" data-id=\"8cdb70f\" data-element_type=\"widget\" data-e-type=\"widget\" data-widget_type=\"text-editor.default\">\n\t\t\t\t<div class=\"elementor-widget-container\">\n\t\t\t\t\t\t\t\t\t<p><b>\u00bfQuiere fotografiar a tu equipo o al de tu ciudad a la manera Sport Friendly?<\/b><br \/><b>\u00bfQuiere presentar tu exposici\u00f3n fotogr\u00e1fica en tu ciudad?<\/b><\/p>\t\t\t\t\t\t\t\t<\/div>\n\t\t\t\t<\/div>\n\t\t\t\t<div class=\"elementor-element elementor-element-5bd375c elementor-widget elementor-widget-heading\" data-id=\"5bd375c\" data-element_type=\"widget\" data-e-type=\"widget\" data-widget_type=\"heading.default\">\n\t\t\t\t<div class=\"elementor-widget-container\">\n\t\t\t\t\t<h2 class=\"elementor-heading-title elementor-size-default\"> P\u00d3NGASE EN CONTACTO<br \/>\n CON NOSOTROS<\/h2>\t\t\t\t<\/div>\n\t\t\t\t<\/div>\n\t\t\t\t<div class=\"elementor-element elementor-element-fdc30f3 elementor-widget__width-initial elementor-absolute elementor-invisible elementor-widget elementor-widget-image\" data-id=\"fdc30f3\" data-element_type=\"widget\" data-e-type=\"widget\" data-settings=\"{&quot;_position&quot;:&quot;absolute&quot;,&quot;_animation&quot;:&quot;fadeInUp&quot;}\" data-widget_type=\"image.default\">\n\t\t\t\t<div class=\"elementor-widget-container\">\n\t\t\t\t\t\t\t\t\t\t\t\t\t\t\t<img fetchpriority=\"high\" decoding=\"async\" width=\"681\" height=\"1024\" src=\"https:\/\/sportfriendlyproject.com\/wp-content\/uploads\/2024\/05\/Panteras_-Jarabicos__23-681x1024.webp\" class=\"attachment-large size-large wp-image-155\" alt=\"\" srcset=\"https:\/\/sportfriendlyproject.com\/wp-content\/uploads\/2024\/05\/Panteras_-Jarabicos__23-681x1024.webp 681w, https:\/\/sportfriendlyproject.com\/wp-content\/uploads\/2024\/05\/Panteras_-Jarabicos__23-600x902.webp 600w, https:\/\/sportfriendlyproject.com\/wp-content\/uploads\/2024\/05\/Panteras_-Jarabicos__23-200x300.webp 200w, https:\/\/sportfriendlyproject.com\/wp-content\/uploads\/2024\/05\/Panteras_-Jarabicos__23-768x1155.webp 768w, https:\/\/sportfriendlyproject.com\/wp-content\/uploads\/2024\/05\/Panteras_-Jarabicos__23-1022x1536.webp 1022w, https:\/\/sportfriendlyproject.com\/wp-content\/uploads\/2024\/05\/Panteras_-Jarabicos__23-1362x2048.webp 1362w, https:\/\/sportfriendlyproject.com\/wp-content\/uploads\/2024\/05\/Panteras_-Jarabicos__23.webp 1500w\" sizes=\"(max-width: 681px) 100vw, 681px\" \/>\t\t\t\t\t\t\t\t\t\t\t\t\t\t\t<\/div>\n\t\t\t\t<\/div>\n\t\t\t\t<div class=\"elementor-element elementor-element-94f838a elementor-widget__width-initial elementor-absolute elementor-invisible elementor-widget elementor-widget-image\" data-id=\"94f838a\" data-element_type=\"widget\" data-e-type=\"widget\" data-settings=\"{&quot;_position&quot;:&quot;absolute&quot;,&quot;_animation&quot;:&quot;fadeInUp&quot;}\" data-widget_type=\"image.default\">\n\t\t\t\t<div class=\"elementor-widget-container\">\n\t\t\t\t\t\t\t\t\t\t\t\t\t\t\t<img decoding=\"async\" width=\"681\" height=\"1024\" src=\"https:\/\/sportfriendlyproject.com\/wp-content\/uploads\/2024\/05\/SF0_6883-copie-681x1024.webp\" class=\"attachment-large size-large wp-image-156\" alt=\"\" srcset=\"https:\/\/sportfriendlyproject.com\/wp-content\/uploads\/2024\/05\/SF0_6883-copie-681x1024.webp 681w, https:\/\/sportfriendlyproject.com\/wp-content\/uploads\/2024\/05\/SF0_6883-copie-600x902.webp 600w, https:\/\/sportfriendlyproject.com\/wp-content\/uploads\/2024\/05\/SF0_6883-copie-200x300.webp 200w, https:\/\/sportfriendlyproject.com\/wp-content\/uploads\/2024\/05\/SF0_6883-copie-768x1154.webp 768w, https:\/\/sportfriendlyproject.com\/wp-content\/uploads\/2024\/05\/SF0_6883-copie-1022x1536.webp 1022w, https:\/\/sportfriendlyproject.com\/wp-content\/uploads\/2024\/05\/SF0_6883-copie-1363x2048.webp 1363w, https:\/\/sportfriendlyproject.com\/wp-content\/uploads\/2024\/05\/SF0_6883-copie.webp 1500w\" sizes=\"(max-width: 681px) 100vw, 681px\" \/>\t\t\t\t\t\t\t\t\t\t\t\t\t\t\t<\/div>\n\t\t\t\t<\/div>\n\t\t<div class=\"elementor-element elementor-element-808d13d e-con-full contenedor e-flex e-con e-child\" data-id=\"808d13d\" data-element_type=\"container\" data-e-type=\"container\" data-settings=\"{&quot;jet_parallax_layout_list&quot;:[]}\">\n\t\t\t\t<div class=\"elementor-element elementor-element-847d187 elementor-button-align-stretch elementor-widget elementor-widget-form\" data-id=\"847d187\" data-element_type=\"widget\" data-e-type=\"widget\" data-settings=\"{&quot;step_next_label&quot;:&quot;Next&quot;,&quot;step_previous_label&quot;:&quot;Previous&quot;,&quot;button_width&quot;:&quot;100&quot;,&quot;step_type&quot;:&quot;number_text&quot;,&quot;step_icon_shape&quot;:&quot;circle&quot;}\" data-widget_type=\"form.default\">\n\t\t\t\t<div class=\"elementor-widget-container\">\n\t\t\t\t\t\t\t<form class=\"elementor-form\" method=\"post\" name=\"Formulario pagina contacto\" aria-label=\"Formulario pagina contacto\">\n\t\t\t<input type=\"hidden\" name=\"post_id\" value=\"13\"\/>\n\t\t\t<input type=\"hidden\" name=\"form_id\" value=\"847d187\"\/>\n\t\t\t<input type=\"hidden\" name=\"referer_title\" value=\"Contacto - Sport Friendly Project\" \/>\n\n\t\t\t\t\t\t\t<input type=\"hidden\" name=\"queried_id\" value=\"13\"\/>\n\t\t\t\n\t\t\t<div class=\"elementor-form-fields-wrapper elementor-labels-above\">\n\t\t\t\t\t\t\t\t<div class=\"elementor-field-type-text elementor-field-group elementor-column elementor-field-group-name elementor-col-100\">\n\t\t\t\t\t\t\t\t\t\t\t\t<label for=\"form-field-name\" class=\"elementor-field-label\">\n\t\t\t\t\t\t\t\tNombre\t\t\t\t\t\t\t<\/label>\n\t\t\t\t\t\t\t\t\t\t\t\t\t\t<input size=\"1\" type=\"text\" name=\"form_fields[name]\" id=\"form-field-name\" class=\"elementor-field elementor-size-sm  elementor-field-textual\" placeholder=\"Nombre\">\n\t\t\t\t\t\t\t\t\t\t\t<\/div>\n\t\t\t\t\t\t\t\t<div class=\"elementor-field-type-email elementor-field-group elementor-column elementor-field-group-email elementor-col-100 elementor-field-required\">\n\t\t\t\t\t\t\t\t\t\t\t\t<label for=\"form-field-email\" class=\"elementor-field-label\">\n\t\t\t\t\t\t\t\tEmail\t\t\t\t\t\t\t<\/label>\n\t\t\t\t\t\t\t\t\t\t\t\t\t\t<input size=\"1\" type=\"email\" name=\"form_fields[email]\" id=\"form-field-email\" class=\"elementor-field elementor-size-sm  elementor-field-textual\" placeholder=\"Email\" required=\"required\">\n\t\t\t\t\t\t\t\t\t\t\t<\/div>\n\t\t\t\t\t\t\t\t<div class=\"elementor-field-type-textarea elementor-field-group elementor-column elementor-field-group-message elementor-col-100\">\n\t\t\t\t\t\t\t\t\t\t\t\t<label for=\"form-field-message\" class=\"elementor-field-label\">\n\t\t\t\t\t\t\t\tMensaje\t\t\t\t\t\t\t<\/label>\n\t\t\t\t\t\t<textarea class=\"elementor-field-textual elementor-field  elementor-size-sm\" name=\"form_fields[message]\" id=\"form-field-message\" rows=\"4\" placeholder=\"Cu\u00e9ntanos sobre tu acci\u00f3n\"><\/textarea>\t\t\t\t<\/div>\n\t\t\t\t\t\t\t\t<div class=\"elementor-field-type-recaptcha_v3 elementor-field-group elementor-column elementor-field-group-field_3a0acf3 elementor-col-100 recaptcha_v3-inline\">\n\t\t\t\t\t<div class=\"elementor-field\" id=\"form-field-field_3a0acf3\"><div class=\"elementor-g-recaptcha\" data-sitekey=\"6LdVQigqAAAAABaOJUkdgI5bV1U4ppCMTYrPRL6K\" data-type=\"v3\" data-action=\"Form\" data-badge=\"inline\" data-size=\"invisible\"><\/div><\/div>\t\t\t\t<\/div>\n\t\t\t\t\t\t\t\t<div class=\"elementor-field-group elementor-column elementor-field-type-submit elementor-col-100 e-form__buttons\">\n\t\t\t\t\t<button class=\"elementor-button elementor-size-sm\" type=\"submit\">\n\t\t\t\t\t\t<span class=\"elementor-button-content-wrapper\">\n\t\t\t\t\t\t\t\t\t\t\t\t\t\t\t\t\t\t\t\t\t\t<span class=\"elementor-button-text\">Enviar mensaje<\/span>\n\t\t\t\t\t\t\t\t\t\t\t\t\t<\/span>\n\t\t\t\t\t<\/button>\n\t\t\t\t<\/div>\n\t\t\t<\/div>\n\t\t<\/form>\n\t\t\t\t\t\t<\/div>\n\t\t\t\t<\/div>\n\t\t\t\t<\/div>\n\t\t\t\t\t<\/div>\n\t\t\t\t<\/div>\n\t\t\t\t<\/div>\n\t\t","protected":false},"excerpt":{"rendered":"<p>Contacto \u00bfQuiere fotografiar a tu equipo o al de tu ciudad a la manera Sport Friendly?\u00bfQuiere presentar tu exposici\u00f3n fotogr\u00e1fica en tu ciudad? P\u00d3NGASE EN CONTACTO CON NOSOTROS<\/p>","protected":false},"author":2,"featured_media":0,"parent":0,"menu_order":0,"comment_status":"closed","ping_status":"closed","template":"","meta":{"footnotes":""},"class_list":["post-13","page","type-page","status-publish","hentry"],"_links":{"self":[{"href":"https:\/\/sportfriendlyproject.com\/en\/wp-json\/wp\/v2\/pages\/13","targetHints":{"allow":["GET"]}}],"collection":[{"href":"https:\/\/sportfriendlyproject.com\/en\/wp-json\/wp\/v2\/pages"}],"about":[{"href":"https:\/\/sportfriendlyproject.com\/en\/wp-json\/wp\/v2\/types\/page"}],"author":[{"embeddable":true,"href":"https:\/\/sportfriendlyproject.com\/en\/wp-json\/wp\/v2\/users\/2"}],"replies":[{"embeddable":true,"href":"https:\/\/sportfriendlyproject.com\/en\/wp-json\/wp\/v2\/comments?post=13"}],"version-history":[{"count":76,"href":"https:\/\/sportfriendlyproject.com\/en\/wp-json\/wp\/v2\/pages\/13\/revisions"}],"predecessor-version":[{"id":3589,"href":"https:\/\/sportfriendlyproject.com\/en\/wp-json\/wp\/v2\/pages\/13\/revisions\/3589"}],"wp:attachment":[{"href":"https:\/\/sportfriendlyproject.com\/en\/wp-json\/wp\/v2\/media?parent=13"}],"curies":[{"name":"wp","href":"https:\/\/api.w.org\/{rel}","templated":true}]}}